{"id":1345,"date":"2022-05-10T14:50:33","date_gmt":"2022-05-10T11:50:33","guid":{"rendered":"https:\/\/www.mesablanca.com.tr\/?post_type=product&#038;p=1345"},"modified":"2025-05-08T15:08:07","modified_gmt":"2025-05-08T12:08:07","slug":"semicircle-crochet-green-2li-kokteyl-pecetesi","status":"publish","type":"product","link":"https:\/\/www.mesablanca.com.tr\/en\/product\/semicircle-crochet-green-2li-kokteyl-pecetesi\/","title":{"rendered":"SEMICIRCLE CROCHET -GREEN &#8211; 2&#8217;li Kokteyl Pe\u00e7etesi"},"content":{"rendered":"","protected":false},"excerpt":{"rendered":"<p>Ye\u015fil renk boncuk ve t\u0131\u011f oyas\u0131yla \u00e7evrili keten, 2\u2019li kokteyl pe\u00e7etemiz.<\/p>\n<p>\u25aa 200\u20ba ve \u00fczeri\u00a0<strong>\u00fccretsiz kargo!<\/strong><\/p>","protected":false},"featured_media":1346,"comment_status":"closed","ping_status":"closed","template":"","meta":[],"product_brand":[],"product_cat":[18],"product_tag":[49,28,26,102,118],"class_list":{"0":"post-1345","1":"product","2":"type-product","3":"status-publish","4":"has-post-thumbnail","6":"product_cat-kokteyl-pecetesi","7":"product_tag-igne-oyali","8":"product_tag-keten","9":"product_tag-kokteyl-pecetesi","10":"product_tag-sunum-pecetesi","11":"product_tag-yesil","12":"product_shipping_class-sabit-ucret","14":"first","15":"instock","16":"shipping-taxable","17":"purchasable","18":"product-type-simple"},"yoast_head":"<!-- This site is optimized with the Yoast SEO plugin v27.4 - https:\/\/yoast.com\/product\/yoast-seo-wordpress\/ -->\n<title>SEMICIRCLE CROCHET -GREEN - 2&#039;li Kokteyl Pe\u00e7etesi - Mesablanca Home<\/title>\n<meta name=\"robots\" content=\"index, follow, max-snippet:-1, max-image-preview:large, max-video-preview:-1\" \/>\n<link rel=\"canonical\" href=\"https:\/\/www.mesablanca.com.tr\/en\/product\/semicircle-crochet-green-2li-kokteyl-pecetesi\/\" \/>\n<meta property=\"og:locale\" content=\"en_US\" \/>\n<meta property=\"og:type\" content=\"article\" \/>\n<meta property=\"og:title\" content=\"SEMICIRCLE CROCHET -GREEN - 2&#039;li Kokteyl Pe\u00e7etesi - Mesablanca Home\" \/>\n<meta property=\"og:description\" content=\"Ye\u015fil renk boncuk ve t\u0131\u011f oyas\u0131yla \u00e7evrili keten, 2\u2019li kokteyl pe\u00e7etemiz.  \u25aa 200\u20ba ve \u00fczeri\u00a0\u00fccretsiz kargo!\" \/>\n<meta property=\"og:url\" content=\"https:\/\/www.mesablanca.com.tr\/en\/product\/semicircle-crochet-green-2li-kokteyl-pecetesi\/\" \/>\n<meta property=\"og:site_name\" content=\"Mesablanca Home\" \/>\n<meta property=\"article:publisher\" content=\"https:\/\/www.facebook.com\/mesablancahome\" \/>\n<meta property=\"article:modified_time\" content=\"2025-05-08T12:08:07+00:00\" \/>\n<meta property=\"og:image\" content=\"https:\/\/www.mesablanca.com.tr\/wp-content\/uploads\/2022\/05\/semi-kapak.jpg\" \/>\n\t<meta property=\"og:image:width\" content=\"1091\" \/>\n\t<meta property=\"og:image:height\" content=\"807\" \/>\n\t<meta property=\"og:image:type\" content=\"image\/jpeg\" \/>\n<meta name=\"twitter:card\" content=\"summary_large_image\" \/>\n<script type=\"application\/ld+json\" class=\"yoast-schema-graph\">{\"@context\":\"https:\\\/\\\/schema.org\",\"@graph\":[{\"@type\":\"WebPage\",\"@id\":\"https:\\\/\\\/www.mesablanca.com.tr\\\/urun\\\/semicircle-crochet-green-2li-kokteyl-pecetesi\\\/\",\"url\":\"https:\\\/\\\/www.mesablanca.com.tr\\\/urun\\\/semicircle-crochet-green-2li-kokteyl-pecetesi\\\/\",\"name\":\"SEMICIRCLE CROCHET -GREEN - 2'li Kokteyl Pe\u00e7etesi - Mesablanca Home\",\"isPartOf\":{\"@id\":\"https:\\\/\\\/www.mesablanca.com.tr\\\/#website\"},\"primaryImageOfPage\":{\"@id\":\"https:\\\/\\\/www.mesablanca.com.tr\\\/urun\\\/semicircle-crochet-green-2li-kokteyl-pecetesi\\\/#primaryimage\"},\"image\":{\"@id\":\"https:\\\/\\\/www.mesablanca.com.tr\\\/urun\\\/semicircle-crochet-green-2li-kokteyl-pecetesi\\\/#primaryimage\"},\"thumbnailUrl\":\"https:\\\/\\\/www.mesablanca.com.tr\\\/wp-content\\\/uploads\\\/2022\\\/05\\\/semi-kapak.jpg\",\"datePublished\":\"2022-05-10T11:50:33+00:00\",\"dateModified\":\"2025-05-08T12:08:07+00:00\",\"breadcrumb\":{\"@id\":\"https:\\\/\\\/www.mesablanca.com.tr\\\/urun\\\/semicircle-crochet-green-2li-kokteyl-pecetesi\\\/#breadcrumb\"},\"inLanguage\":\"en-US\",\"potentialAction\":[{\"@type\":\"ReadAction\",\"target\":[\"https:\\\/\\\/www.mesablanca.com.tr\\\/urun\\\/semicircle-crochet-green-2li-kokteyl-pecetesi\\\/\"]}]},{\"@type\":\"ImageObject\",\"inLanguage\":\"en-US\",\"@id\":\"https:\\\/\\\/www.mesablanca.com.tr\\\/urun\\\/semicircle-crochet-green-2li-kokteyl-pecetesi\\\/#primaryimage\",\"url\":\"https:\\\/\\\/www.mesablanca.com.tr\\\/wp-content\\\/uploads\\\/2022\\\/05\\\/semi-kapak.jpg\",\"contentUrl\":\"https:\\\/\\\/www.mesablanca.com.tr\\\/wp-content\\\/uploads\\\/2022\\\/05\\\/semi-kapak.jpg\",\"width\":1091,\"height\":807},{\"@type\":\"BreadcrumbList\",\"@id\":\"https:\\\/\\\/www.mesablanca.com.tr\\\/urun\\\/semicircle-crochet-green-2li-kokteyl-pecetesi\\\/#breadcrumb\",\"itemListElement\":[{\"@type\":\"ListItem\",\"position\":1,\"name\":\"Anasayfa\",\"item\":\"https:\\\/\\\/www.mesablanca.com.tr\\\/\"},{\"@type\":\"ListItem\",\"position\":2,\"name\":\"Sepet\",\"item\":\"https:\\\/\\\/www.mesablanca.com.tr\\\/sepet\\\/\"},{\"@type\":\"ListItem\",\"position\":3,\"name\":\"SEMICIRCLE CROCHET -GREEN &#8211; 2&#8217;li Kokteyl Pe\u00e7etesi\"}]},{\"@type\":\"WebSite\",\"@id\":\"https:\\\/\\\/www.mesablanca.com.tr\\\/#website\",\"url\":\"https:\\\/\\\/www.mesablanca.com.tr\\\/\",\"name\":\"Mesablanca Home\",\"description\":\"\",\"publisher\":{\"@id\":\"https:\\\/\\\/www.mesablanca.com.tr\\\/#organization\"},\"potentialAction\":[{\"@type\":\"SearchAction\",\"target\":{\"@type\":\"EntryPoint\",\"urlTemplate\":\"https:\\\/\\\/www.mesablanca.com.tr\\\/?s={search_term_string}\"},\"query-input\":{\"@type\":\"PropertyValueSpecification\",\"valueRequired\":true,\"valueName\":\"search_term_string\"}}],\"inLanguage\":\"en-US\"},{\"@type\":\"Organization\",\"@id\":\"https:\\\/\\\/www.mesablanca.com.tr\\\/#organization\",\"name\":\"Mesablanca\",\"url\":\"https:\\\/\\\/www.mesablanca.com.tr\\\/\",\"logo\":{\"@type\":\"ImageObject\",\"inLanguage\":\"en-US\",\"@id\":\"https:\\\/\\\/www.mesablanca.com.tr\\\/#\\\/schema\\\/logo\\\/image\\\/\",\"url\":\"https:\\\/\\\/i2.wp.com\\\/www.mesablanca.com.tr\\\/wp-content\\\/uploads\\\/2021\\\/11\\\/mesablanca.jpg?fit=1080%2C1080&ssl=1\",\"contentUrl\":\"https:\\\/\\\/i2.wp.com\\\/www.mesablanca.com.tr\\\/wp-content\\\/uploads\\\/2021\\\/11\\\/mesablanca.jpg?fit=1080%2C1080&ssl=1\",\"width\":1080,\"height\":1080,\"caption\":\"Mesablanca\"},\"image\":{\"@id\":\"https:\\\/\\\/www.mesablanca.com.tr\\\/#\\\/schema\\\/logo\\\/image\\\/\"},\"sameAs\":[\"https:\\\/\\\/www.facebook.com\\\/mesablancahome\",\"https:\\\/\\\/www.instagram.com\\\/mesablancahome\\\/\"]}]}<\/script>\n<!-- \/ Yoast SEO plugin. -->","yoast_head_json":{"title":"SEMICIRCLE CROCHET -GREEN - 2'li Kokteyl Pe\u00e7etesi - Mesablanca Home","robots":{"index":"index","follow":"follow","max-snippet":"max-snippet:-1","max-image-preview":"max-image-preview:large","max-video-preview":"max-video-preview:-1"},"canonical":"https:\/\/www.mesablanca.com.tr\/en\/product\/semicircle-crochet-green-2li-kokteyl-pecetesi\/","og_locale":"en_US","og_type":"article","og_title":"SEMICIRCLE CROCHET -GREEN - 2'li Kokteyl Pe\u00e7etesi - Mesablanca Home","og_description":"Ye\u015fil renk boncuk ve t\u0131\u011f oyas\u0131yla \u00e7evrili keten, 2\u2019li kokteyl pe\u00e7etemiz.  \u25aa 200\u20ba ve \u00fczeri\u00a0\u00fccretsiz kargo!","og_url":"https:\/\/www.mesablanca.com.tr\/en\/product\/semicircle-crochet-green-2li-kokteyl-pecetesi\/","og_site_name":"Mesablanca Home","article_publisher":"https:\/\/www.facebook.com\/mesablancahome","article_modified_time":"2025-05-08T12:08:07+00:00","og_image":[{"width":1091,"height":807,"url":"https:\/\/www.mesablanca.com.tr\/wp-content\/uploads\/2022\/05\/semi-kapak.jpg","type":"image\/jpeg"}],"twitter_card":"summary_large_image","schema":{"@context":"https:\/\/schema.org","@graph":[{"@type":"WebPage","@id":"https:\/\/www.mesablanca.com.tr\/urun\/semicircle-crochet-green-2li-kokteyl-pecetesi\/","url":"https:\/\/www.mesablanca.com.tr\/urun\/semicircle-crochet-green-2li-kokteyl-pecetesi\/","name":"SEMICIRCLE CROCHET -GREEN - 2'li Kokteyl Pe\u00e7etesi - Mesablanca Home","isPartOf":{"@id":"https:\/\/www.mesablanca.com.tr\/#website"},"primaryImageOfPage":{"@id":"https:\/\/www.mesablanca.com.tr\/urun\/semicircle-crochet-green-2li-kokteyl-pecetesi\/#primaryimage"},"image":{"@id":"https:\/\/www.mesablanca.com.tr\/urun\/semicircle-crochet-green-2li-kokteyl-pecetesi\/#primaryimage"},"thumbnailUrl":"https:\/\/www.mesablanca.com.tr\/wp-content\/uploads\/2022\/05\/semi-kapak.jpg","datePublished":"2022-05-10T11:50:33+00:00","dateModified":"2025-05-08T12:08:07+00:00","breadcrumb":{"@id":"https:\/\/www.mesablanca.com.tr\/urun\/semicircle-crochet-green-2li-kokteyl-pecetesi\/#breadcrumb"},"inLanguage":"en-US","potentialAction":[{"@type":"ReadAction","target":["https:\/\/www.mesablanca.com.tr\/urun\/semicircle-crochet-green-2li-kokteyl-pecetesi\/"]}]},{"@type":"ImageObject","inLanguage":"en-US","@id":"https:\/\/www.mesablanca.com.tr\/urun\/semicircle-crochet-green-2li-kokteyl-pecetesi\/#primaryimage","url":"https:\/\/www.mesablanca.com.tr\/wp-content\/uploads\/2022\/05\/semi-kapak.jpg","contentUrl":"https:\/\/www.mesablanca.com.tr\/wp-content\/uploads\/2022\/05\/semi-kapak.jpg","width":1091,"height":807},{"@type":"BreadcrumbList","@id":"https:\/\/www.mesablanca.com.tr\/urun\/semicircle-crochet-green-2li-kokteyl-pecetesi\/#breadcrumb","itemListElement":[{"@type":"ListItem","position":1,"name":"Anasayfa","item":"https:\/\/www.mesablanca.com.tr\/"},{"@type":"ListItem","position":2,"name":"Sepet","item":"https:\/\/www.mesablanca.com.tr\/sepet\/"},{"@type":"ListItem","position":3,"name":"SEMICIRCLE CROCHET -GREEN &#8211; 2&#8217;li Kokteyl Pe\u00e7etesi"}]},{"@type":"WebSite","@id":"https:\/\/www.mesablanca.com.tr\/#website","url":"https:\/\/www.mesablanca.com.tr\/","name":"Mesablanca Home","description":"","publisher":{"@id":"https:\/\/www.mesablanca.com.tr\/#organization"},"potentialAction":[{"@type":"SearchAction","target":{"@type":"EntryPoint","urlTemplate":"https:\/\/www.mesablanca.com.tr\/?s={search_term_string}"},"query-input":{"@type":"PropertyValueSpecification","valueRequired":true,"valueName":"search_term_string"}}],"inLanguage":"en-US"},{"@type":"Organization","@id":"https:\/\/www.mesablanca.com.tr\/#organization","name":"Mesablanca","url":"https:\/\/www.mesablanca.com.tr\/","logo":{"@type":"ImageObject","inLanguage":"en-US","@id":"https:\/\/www.mesablanca.com.tr\/#\/schema\/logo\/image\/","url":"https:\/\/i2.wp.com\/www.mesablanca.com.tr\/wp-content\/uploads\/2021\/11\/mesablanca.jpg?fit=1080%2C1080&ssl=1","contentUrl":"https:\/\/i2.wp.com\/www.mesablanca.com.tr\/wp-content\/uploads\/2021\/11\/mesablanca.jpg?fit=1080%2C1080&ssl=1","width":1080,"height":1080,"caption":"Mesablanca"},"image":{"@id":"https:\/\/www.mesablanca.com.tr\/#\/schema\/logo\/image\/"},"sameAs":["https:\/\/www.facebook.com\/mesablancahome","https:\/\/www.instagram.com\/mesablancahome\/"]}]}},"_links":{"self":[{"href":"https:\/\/www.mesablanca.com.tr\/en\/wp-json\/wp\/v2\/product\/1345","targetHints":{"allow":["GET"]}}],"collection":[{"href":"https:\/\/www.mesablanca.com.tr\/en\/wp-json\/wp\/v2\/product"}],"about":[{"href":"https:\/\/www.mesablanca.com.tr\/en\/wp-json\/wp\/v2\/types\/product"}],"replies":[{"embeddable":true,"href":"https:\/\/www.mesablanca.com.tr\/en\/wp-json\/wp\/v2\/comments?post=1345"}],"wp:featuredmedia":[{"embeddable":true,"href":"https:\/\/www.mesablanca.com.tr\/en\/wp-json\/wp\/v2\/media\/1346"}],"wp:attachment":[{"href":"https:\/\/www.mesablanca.com.tr\/en\/wp-json\/wp\/v2\/media?parent=1345"}],"wp:term":[{"taxonomy":"product_brand","embeddable":true,"href":"https:\/\/www.mesablanca.com.tr\/en\/wp-json\/wp\/v2\/product_brand?post=1345"},{"taxonomy":"product_cat","embeddable":true,"href":"https:\/\/www.mesablanca.com.tr\/en\/wp-json\/wp\/v2\/product_cat?post=1345"},{"taxonomy":"product_tag","embeddable":true,"href":"https:\/\/www.mesablanca.com.tr\/en\/wp-json\/wp\/v2\/product_tag?post=1345"}],"curies":[{"name":"wp","href":"https:\/\/api.w.org\/{rel}","templated":true}]}}