{"id":1395,"date":"2022-11-18T15:43:37","date_gmt":"2022-11-18T12:43:37","guid":{"rendered":"https:\/\/www.mesablanca.com.tr\/?post_type=product&#038;p=1395"},"modified":"2025-05-08T14:58:21","modified_gmt":"2025-05-08T11:58:21","slug":"all-eyes-on-you-black","status":"publish","type":"product","link":"https:\/\/www.mesablanca.com.tr\/en\/product\/all-eyes-on-you-black\/","title":{"rendered":"ALL EYES ON YOU &#8211; BLACK &#8211; 2&#8217;li Kokteyl Pe\u00e7etesi"},"content":{"rendered":"<p>*Boy: 20&#215;20<br \/>\n*Kuma\u015f: Keten<\/p>","protected":false},"excerpt":{"rendered":"<p>Bro\u015f \u015feklinde tak\u0131l\u0131p \u00e7\u0131kan tasar\u0131m g\u00f6z detayl\u0131, siyah keten pe\u00e7ete. 2 pe\u00e7ete, 2 bro\u015f ile birlikte ayn\u0131 pakettedir. Tekli sat\u0131lmaz.<\/p>","protected":false},"featured_media":1403,"comment_status":"closed","ping_status":"closed","template":"","meta":[],"product_brand":[],"product_cat":[18],"product_tag":[126,28,26,124,125],"class_list":{"0":"post-1395","1":"product","2":"type-product","3":"status-publish","4":"has-post-thumbnail","6":"product_cat-kokteyl-pecetesi","7":"product_tag-goz","8":"product_tag-keten","9":"product_tag-kokteyl-pecetesi","10":"product_tag-pecete","11":"product_tag-siyah","13":"first","14":"instock","15":"purchasable","16":"product-type-simple"},"yoast_head":"<!-- This site is optimized with the Yoast SEO plugin v27.4 - https:\/\/yoast.com\/product\/yoast-seo-wordpress\/ -->\n<title>ALL EYES ON YOU - BLACK - 2&#039;li Kokteyl Pe\u00e7etesi - Mesablanca Home<\/title>\n<meta name=\"robots\" content=\"index, follow, max-snippet:-1, max-image-preview:large, max-video-preview:-1\" \/>\n<link rel=\"canonical\" href=\"https:\/\/www.mesablanca.com.tr\/en\/product\/all-eyes-on-you-black\/\" \/>\n<meta property=\"og:locale\" content=\"en_US\" \/>\n<meta property=\"og:type\" content=\"article\" \/>\n<meta property=\"og:title\" content=\"ALL EYES ON YOU - BLACK - 2&#039;li Kokteyl Pe\u00e7etesi - Mesablanca Home\" \/>\n<meta property=\"og:description\" content=\"Bro\u015f \u015feklinde tak\u0131l\u0131p \u00e7\u0131kan tasar\u0131m g\u00f6z detayl\u0131, siyah keten pe\u00e7ete. 2 pe\u00e7ete, 2 bro\u015f ile birlikte ayn\u0131 pakettedir. Tekli sat\u0131lmaz.\" \/>\n<meta property=\"og:url\" content=\"https:\/\/www.mesablanca.com.tr\/en\/product\/all-eyes-on-you-black\/\" \/>\n<meta property=\"og:site_name\" content=\"Mesablanca Home\" \/>\n<meta property=\"article:publisher\" content=\"https:\/\/www.facebook.com\/mesablancahome\" \/>\n<meta property=\"article:modified_time\" content=\"2025-05-08T11:58:21+00:00\" \/>\n<meta property=\"og:image\" content=\"https:\/\/www.mesablanca.com.tr\/wp-content\/uploads\/2022\/11\/23.png\" \/>\n\t<meta property=\"og:image:width\" content=\"1080\" \/>\n\t<meta property=\"og:image:height\" content=\"1080\" \/>\n\t<meta property=\"og:image:type\" content=\"image\/png\" \/>\n<meta name=\"twitter:card\" content=\"summary_large_image\" \/>\n<script type=\"application\/ld+json\" class=\"yoast-schema-graph\">{\"@context\":\"https:\\\/\\\/schema.org\",\"@graph\":[{\"@type\":\"WebPage\",\"@id\":\"https:\\\/\\\/www.mesablanca.com.tr\\\/urun\\\/all-eyes-on-you-black\\\/\",\"url\":\"https:\\\/\\\/www.mesablanca.com.tr\\\/urun\\\/all-eyes-on-you-black\\\/\",\"name\":\"ALL EYES ON YOU - BLACK - 2'li Kokteyl Pe\u00e7etesi - Mesablanca Home\",\"isPartOf\":{\"@id\":\"https:\\\/\\\/www.mesablanca.com.tr\\\/#website\"},\"primaryImageOfPage\":{\"@id\":\"https:\\\/\\\/www.mesablanca.com.tr\\\/urun\\\/all-eyes-on-you-black\\\/#primaryimage\"},\"image\":{\"@id\":\"https:\\\/\\\/www.mesablanca.com.tr\\\/urun\\\/all-eyes-on-you-black\\\/#primaryimage\"},\"thumbnailUrl\":\"https:\\\/\\\/www.mesablanca.com.tr\\\/wp-content\\\/uploads\\\/2022\\\/11\\\/23.png\",\"datePublished\":\"2022-11-18T12:43:37+00:00\",\"dateModified\":\"2025-05-08T11:58:21+00:00\",\"breadcrumb\":{\"@id\":\"https:\\\/\\\/www.mesablanca.com.tr\\\/urun\\\/all-eyes-on-you-black\\\/#breadcrumb\"},\"inLanguage\":\"en-US\",\"potentialAction\":[{\"@type\":\"ReadAction\",\"target\":[\"https:\\\/\\\/www.mesablanca.com.tr\\\/urun\\\/all-eyes-on-you-black\\\/\"]}]},{\"@type\":\"ImageObject\",\"inLanguage\":\"en-US\",\"@id\":\"https:\\\/\\\/www.mesablanca.com.tr\\\/urun\\\/all-eyes-on-you-black\\\/#primaryimage\",\"url\":\"https:\\\/\\\/www.mesablanca.com.tr\\\/wp-content\\\/uploads\\\/2022\\\/11\\\/23.png\",\"contentUrl\":\"https:\\\/\\\/www.mesablanca.com.tr\\\/wp-content\\\/uploads\\\/2022\\\/11\\\/23.png\",\"width\":1080,\"height\":1080},{\"@type\":\"BreadcrumbList\",\"@id\":\"https:\\\/\\\/www.mesablanca.com.tr\\\/urun\\\/all-eyes-on-you-black\\\/#breadcrumb\",\"itemListElement\":[{\"@type\":\"ListItem\",\"position\":1,\"name\":\"Anasayfa\",\"item\":\"https:\\\/\\\/www.mesablanca.com.tr\\\/\"},{\"@type\":\"ListItem\",\"position\":2,\"name\":\"Sepet\",\"item\":\"https:\\\/\\\/www.mesablanca.com.tr\\\/sepet\\\/\"},{\"@type\":\"ListItem\",\"position\":3,\"name\":\"ALL EYES ON YOU &#8211; BLACK &#8211; 2&#8217;li Kokteyl Pe\u00e7etesi\"}]},{\"@type\":\"WebSite\",\"@id\":\"https:\\\/\\\/www.mesablanca.com.tr\\\/#website\",\"url\":\"https:\\\/\\\/www.mesablanca.com.tr\\\/\",\"name\":\"Mesablanca Home\",\"description\":\"\",\"publisher\":{\"@id\":\"https:\\\/\\\/www.mesablanca.com.tr\\\/#organization\"},\"potentialAction\":[{\"@type\":\"SearchAction\",\"target\":{\"@type\":\"EntryPoint\",\"urlTemplate\":\"https:\\\/\\\/www.mesablanca.com.tr\\\/?s={search_term_string}\"},\"query-input\":{\"@type\":\"PropertyValueSpecification\",\"valueRequired\":true,\"valueName\":\"search_term_string\"}}],\"inLanguage\":\"en-US\"},{\"@type\":\"Organization\",\"@id\":\"https:\\\/\\\/www.mesablanca.com.tr\\\/#organization\",\"name\":\"Mesablanca\",\"url\":\"https:\\\/\\\/www.mesablanca.com.tr\\\/\",\"logo\":{\"@type\":\"ImageObject\",\"inLanguage\":\"en-US\",\"@id\":\"https:\\\/\\\/www.mesablanca.com.tr\\\/#\\\/schema\\\/logo\\\/image\\\/\",\"url\":\"https:\\\/\\\/i2.wp.com\\\/www.mesablanca.com.tr\\\/wp-content\\\/uploads\\\/2021\\\/11\\\/mesablanca.jpg?fit=1080%2C1080&ssl=1\",\"contentUrl\":\"https:\\\/\\\/i2.wp.com\\\/www.mesablanca.com.tr\\\/wp-content\\\/uploads\\\/2021\\\/11\\\/mesablanca.jpg?fit=1080%2C1080&ssl=1\",\"width\":1080,\"height\":1080,\"caption\":\"Mesablanca\"},\"image\":{\"@id\":\"https:\\\/\\\/www.mesablanca.com.tr\\\/#\\\/schema\\\/logo\\\/image\\\/\"},\"sameAs\":[\"https:\\\/\\\/www.facebook.com\\\/mesablancahome\",\"https:\\\/\\\/www.instagram.com\\\/mesablancahome\\\/\"]}]}<\/script>\n<!-- \/ Yoast SEO plugin. -->","yoast_head_json":{"title":"ALL EYES ON YOU - BLACK - 2'li Kokteyl Pe\u00e7etesi - Mesablanca Home","robots":{"index":"index","follow":"follow","max-snippet":"max-snippet:-1","max-image-preview":"max-image-preview:large","max-video-preview":"max-video-preview:-1"},"canonical":"https:\/\/www.mesablanca.com.tr\/en\/product\/all-eyes-on-you-black\/","og_locale":"en_US","og_type":"article","og_title":"ALL EYES ON YOU - BLACK - 2'li Kokteyl Pe\u00e7etesi - Mesablanca Home","og_description":"Bro\u015f \u015feklinde tak\u0131l\u0131p \u00e7\u0131kan tasar\u0131m g\u00f6z detayl\u0131, siyah keten pe\u00e7ete. 2 pe\u00e7ete, 2 bro\u015f ile birlikte ayn\u0131 pakettedir. Tekli sat\u0131lmaz.","og_url":"https:\/\/www.mesablanca.com.tr\/en\/product\/all-eyes-on-you-black\/","og_site_name":"Mesablanca Home","article_publisher":"https:\/\/www.facebook.com\/mesablancahome","article_modified_time":"2025-05-08T11:58:21+00:00","og_image":[{"width":1080,"height":1080,"url":"https:\/\/www.mesablanca.com.tr\/wp-content\/uploads\/2022\/11\/23.png","type":"image\/png"}],"twitter_card":"summary_large_image","schema":{"@context":"https:\/\/schema.org","@graph":[{"@type":"WebPage","@id":"https:\/\/www.mesablanca.com.tr\/urun\/all-eyes-on-you-black\/","url":"https:\/\/www.mesablanca.com.tr\/urun\/all-eyes-on-you-black\/","name":"ALL EYES ON YOU - BLACK - 2'li Kokteyl Pe\u00e7etesi - Mesablanca Home","isPartOf":{"@id":"https:\/\/www.mesablanca.com.tr\/#website"},"primaryImageOfPage":{"@id":"https:\/\/www.mesablanca.com.tr\/urun\/all-eyes-on-you-black\/#primaryimage"},"image":{"@id":"https:\/\/www.mesablanca.com.tr\/urun\/all-eyes-on-you-black\/#primaryimage"},"thumbnailUrl":"https:\/\/www.mesablanca.com.tr\/wp-content\/uploads\/2022\/11\/23.png","datePublished":"2022-11-18T12:43:37+00:00","dateModified":"2025-05-08T11:58:21+00:00","breadcrumb":{"@id":"https:\/\/www.mesablanca.com.tr\/urun\/all-eyes-on-you-black\/#breadcrumb"},"inLanguage":"en-US","potentialAction":[{"@type":"ReadAction","target":["https:\/\/www.mesablanca.com.tr\/urun\/all-eyes-on-you-black\/"]}]},{"@type":"ImageObject","inLanguage":"en-US","@id":"https:\/\/www.mesablanca.com.tr\/urun\/all-eyes-on-you-black\/#primaryimage","url":"https:\/\/www.mesablanca.com.tr\/wp-content\/uploads\/2022\/11\/23.png","contentUrl":"https:\/\/www.mesablanca.com.tr\/wp-content\/uploads\/2022\/11\/23.png","width":1080,"height":1080},{"@type":"BreadcrumbList","@id":"https:\/\/www.mesablanca.com.tr\/urun\/all-eyes-on-you-black\/#breadcrumb","itemListElement":[{"@type":"ListItem","position":1,"name":"Anasayfa","item":"https:\/\/www.mesablanca.com.tr\/"},{"@type":"ListItem","position":2,"name":"Sepet","item":"https:\/\/www.mesablanca.com.tr\/sepet\/"},{"@type":"ListItem","position":3,"name":"ALL EYES ON YOU &#8211; BLACK &#8211; 2&#8217;li Kokteyl Pe\u00e7etesi"}]},{"@type":"WebSite","@id":"https:\/\/www.mesablanca.com.tr\/#website","url":"https:\/\/www.mesablanca.com.tr\/","name":"Mesablanca Home","description":"","publisher":{"@id":"https:\/\/www.mesablanca.com.tr\/#organization"},"potentialAction":[{"@type":"SearchAction","target":{"@type":"EntryPoint","urlTemplate":"https:\/\/www.mesablanca.com.tr\/?s={search_term_string}"},"query-input":{"@type":"PropertyValueSpecification","valueRequired":true,"valueName":"search_term_string"}}],"inLanguage":"en-US"},{"@type":"Organization","@id":"https:\/\/www.mesablanca.com.tr\/#organization","name":"Mesablanca","url":"https:\/\/www.mesablanca.com.tr\/","logo":{"@type":"ImageObject","inLanguage":"en-US","@id":"https:\/\/www.mesablanca.com.tr\/#\/schema\/logo\/image\/","url":"https:\/\/i2.wp.com\/www.mesablanca.com.tr\/wp-content\/uploads\/2021\/11\/mesablanca.jpg?fit=1080%2C1080&ssl=1","contentUrl":"https:\/\/i2.wp.com\/www.mesablanca.com.tr\/wp-content\/uploads\/2021\/11\/mesablanca.jpg?fit=1080%2C1080&ssl=1","width":1080,"height":1080,"caption":"Mesablanca"},"image":{"@id":"https:\/\/www.mesablanca.com.tr\/#\/schema\/logo\/image\/"},"sameAs":["https:\/\/www.facebook.com\/mesablancahome","https:\/\/www.instagram.com\/mesablancahome\/"]}]}},"_links":{"self":[{"href":"https:\/\/www.mesablanca.com.tr\/en\/wp-json\/wp\/v2\/product\/1395","targetHints":{"allow":["GET"]}}],"collection":[{"href":"https:\/\/www.mesablanca.com.tr\/en\/wp-json\/wp\/v2\/product"}],"about":[{"href":"https:\/\/www.mesablanca.com.tr\/en\/wp-json\/wp\/v2\/types\/product"}],"replies":[{"embeddable":true,"href":"https:\/\/www.mesablanca.com.tr\/en\/wp-json\/wp\/v2\/comments?post=1395"}],"wp:featuredmedia":[{"embeddable":true,"href":"https:\/\/www.mesablanca.com.tr\/en\/wp-json\/wp\/v2\/media\/1403"}],"wp:attachment":[{"href":"https:\/\/www.mesablanca.com.tr\/en\/wp-json\/wp\/v2\/media?parent=1395"}],"wp:term":[{"taxonomy":"product_brand","embeddable":true,"href":"https:\/\/www.mesablanca.com.tr\/en\/wp-json\/wp\/v2\/product_brand?post=1395"},{"taxonomy":"product_cat","embeddable":true,"href":"https:\/\/www.mesablanca.com.tr\/en\/wp-json\/wp\/v2\/product_cat?post=1395"},{"taxonomy":"product_tag","embeddable":true,"href":"https:\/\/www.mesablanca.com.tr\/en\/wp-json\/wp\/v2\/product_tag?post=1395"}],"curies":[{"name":"wp","href":"https:\/\/api.w.org\/{rel}","templated":true}]}}