{"id":571,"date":"2021-10-23T16:34:35","date_gmt":"2021-10-23T13:34:35","guid":{"rendered":"https:\/\/www.mesablanca.com.tr\/?post_type=product&#038;p=571"},"modified":"2025-05-08T14:55:01","modified_gmt":"2025-05-08T11:55:01","slug":"lily-amerikan-servis","status":"publish","type":"product","link":"https:\/\/www.mesablanca.com.tr\/en\/product\/lily-amerikan-servis\/","title":{"rendered":"LILY &#8211; 2&#8217;li Amerikan Servis"},"content":{"rendered":"","protected":false},"excerpt":{"rendered":"<p>\u0130\u011fne oyal\u0131 zambak motifli servisimiz \u00e7\u0131t\u00e7\u0131tl\u0131 olup \u0130svi\u00e7re keteni \u00fczerine \u00e7al\u0131\u015f\u0131lm\u0131\u015ft\u0131r.<\/p>\n<div class=\"woocommerce-product-details__short-description\">\n<div class=\"woocommerce-product-details__short-description\">\n<div class=\"woocommerce-product-details__short-description\">\n<p>\u25aa 200\u20ba ve \u00fczeri <span style=\"color: #000000\"><strong>\u00fccretsiz kargo!<\/strong><\/span><\/p>\n<div class=\"woocommerce-product-details__short-description\">\n<div class=\"woocommerce-product-details__short-description\">\n<div class=\"woocommerce-product-details__short-description\">\n<p>\u25aa Bu \u00fcr\u00fcn minimum <span style=\"color: #000000\"><strong>2 adet<\/strong><\/span> sat\u0131n al\u0131nabilir.<\/p>\n<\/div>\n<\/div>\n<\/div>\n<\/div>\n<\/div>\n<\/div>","protected":false},"featured_media":572,"comment_status":"open","ping_status":"closed","template":"","meta":[],"product_brand":[],"product_cat":[16],"product_tag":[39,49,47,28,43,41,34,50],"class_list":{"0":"post-571","1":"product","2":"type-product","3":"status-publish","4":"has-post-thumbnail","6":"product_cat-amerikan-servisi","7":"product_tag-amerikan-servis","8":"product_tag-igne-oyali","9":"product_tag-isvec-ketenli-amerikan-servisi","10":"product_tag-keten","11":"product_tag-servis-sunumlari","12":"product_tag-sofa-sunumu","13":"product_tag-sofra-servisi","14":"product_tag-zambak-motifli-amerikan-servis","15":"product_shipping_class-sabit-gonderim","17":"first","18":"outofstock","19":"shipping-taxable","20":"purchasable","21":"product-type-simple"},"yoast_head":"<!-- This site is optimized with the Yoast SEO plugin v27.4 - https:\/\/yoast.com\/product\/yoast-seo-wordpress\/ -->\n<title>LILY - 2&#039;li Amerikan Servis - Mesablanca Home<\/title>\n<meta name=\"robots\" content=\"index, follow, max-snippet:-1, max-image-preview:large, max-video-preview:-1\" \/>\n<link rel=\"canonical\" href=\"https:\/\/www.mesablanca.com.tr\/en\/product\/lily-amerikan-servis\/\" \/>\n<meta property=\"og:locale\" content=\"en_US\" \/>\n<meta property=\"og:type\" content=\"article\" \/>\n<meta property=\"og:title\" content=\"LILY - 2&#039;li Amerikan Servis - Mesablanca Home\" \/>\n<meta property=\"og:description\" content=\"\u0130\u011fne oyal\u0131 zambak motifli servisimiz \u00e7\u0131t\u00e7\u0131tl\u0131 olup \u0130svi\u00e7re keteni \u00fczerine \u00e7al\u0131\u015f\u0131lm\u0131\u015ft\u0131r.     \u25aa 200\u20ba ve \u00fczeri \u00fccretsiz kargo!     \u25aa Bu \u00fcr\u00fcn minimum 2 adet sat\u0131n al\u0131nabilir.\" \/>\n<meta property=\"og:url\" content=\"https:\/\/www.mesablanca.com.tr\/en\/product\/lily-amerikan-servis\/\" \/>\n<meta property=\"og:site_name\" content=\"Mesablanca Home\" \/>\n<meta property=\"article:publisher\" content=\"https:\/\/www.facebook.com\/mesablancahome\" \/>\n<meta property=\"article:modified_time\" content=\"2025-05-08T11:55:01+00:00\" \/>\n<meta property=\"og:image\" content=\"https:\/\/www.mesablanca.com.tr\/wp-content\/uploads\/2021\/10\/lily-amerikan-servis.jpg\" \/>\n\t<meta property=\"og:image:width\" content=\"1120\" \/>\n\t<meta property=\"og:image:height\" content=\"828\" \/>\n\t<meta property=\"og:image:type\" content=\"image\/jpeg\" \/>\n<meta name=\"twitter:card\" content=\"summary_large_image\" \/>\n<script type=\"application\/ld+json\" class=\"yoast-schema-graph\">{\"@context\":\"https:\\\/\\\/schema.org\",\"@graph\":[{\"@type\":\"WebPage\",\"@id\":\"https:\\\/\\\/www.mesablanca.com.tr\\\/urun\\\/lily-amerikan-servis\\\/\",\"url\":\"https:\\\/\\\/www.mesablanca.com.tr\\\/urun\\\/lily-amerikan-servis\\\/\",\"name\":\"LILY - 2'li Amerikan Servis - Mesablanca Home\",\"isPartOf\":{\"@id\":\"https:\\\/\\\/www.mesablanca.com.tr\\\/#website\"},\"primaryImageOfPage\":{\"@id\":\"https:\\\/\\\/www.mesablanca.com.tr\\\/urun\\\/lily-amerikan-servis\\\/#primaryimage\"},\"image\":{\"@id\":\"https:\\\/\\\/www.mesablanca.com.tr\\\/urun\\\/lily-amerikan-servis\\\/#primaryimage\"},\"thumbnailUrl\":\"https:\\\/\\\/www.mesablanca.com.tr\\\/wp-content\\\/uploads\\\/2021\\\/10\\\/lily-amerikan-servis.jpg\",\"datePublished\":\"2021-10-23T13:34:35+00:00\",\"dateModified\":\"2025-05-08T11:55:01+00:00\",\"breadcrumb\":{\"@id\":\"https:\\\/\\\/www.mesablanca.com.tr\\\/urun\\\/lily-amerikan-servis\\\/#breadcrumb\"},\"inLanguage\":\"en-US\",\"potentialAction\":[{\"@type\":\"ReadAction\",\"target\":[\"https:\\\/\\\/www.mesablanca.com.tr\\\/urun\\\/lily-amerikan-servis\\\/\"]}]},{\"@type\":\"ImageObject\",\"inLanguage\":\"en-US\",\"@id\":\"https:\\\/\\\/www.mesablanca.com.tr\\\/urun\\\/lily-amerikan-servis\\\/#primaryimage\",\"url\":\"https:\\\/\\\/www.mesablanca.com.tr\\\/wp-content\\\/uploads\\\/2021\\\/10\\\/lily-amerikan-servis.jpg\",\"contentUrl\":\"https:\\\/\\\/www.mesablanca.com.tr\\\/wp-content\\\/uploads\\\/2021\\\/10\\\/lily-amerikan-servis.jpg\",\"width\":1120,\"height\":828},{\"@type\":\"BreadcrumbList\",\"@id\":\"https:\\\/\\\/www.mesablanca.com.tr\\\/urun\\\/lily-amerikan-servis\\\/#breadcrumb\",\"itemListElement\":[{\"@type\":\"ListItem\",\"position\":1,\"name\":\"Anasayfa\",\"item\":\"https:\\\/\\\/www.mesablanca.com.tr\\\/\"},{\"@type\":\"ListItem\",\"position\":2,\"name\":\"Sepet\",\"item\":\"https:\\\/\\\/www.mesablanca.com.tr\\\/sepet\\\/\"},{\"@type\":\"ListItem\",\"position\":3,\"name\":\"LILY &#8211; 2&#8217;li Amerikan Servis\"}]},{\"@type\":\"WebSite\",\"@id\":\"https:\\\/\\\/www.mesablanca.com.tr\\\/#website\",\"url\":\"https:\\\/\\\/www.mesablanca.com.tr\\\/\",\"name\":\"Mesablanca Home\",\"description\":\"\",\"publisher\":{\"@id\":\"https:\\\/\\\/www.mesablanca.com.tr\\\/#organization\"},\"potentialAction\":[{\"@type\":\"SearchAction\",\"target\":{\"@type\":\"EntryPoint\",\"urlTemplate\":\"https:\\\/\\\/www.mesablanca.com.tr\\\/?s={search_term_string}\"},\"query-input\":{\"@type\":\"PropertyValueSpecification\",\"valueRequired\":true,\"valueName\":\"search_term_string\"}}],\"inLanguage\":\"en-US\"},{\"@type\":\"Organization\",\"@id\":\"https:\\\/\\\/www.mesablanca.com.tr\\\/#organization\",\"name\":\"Mesablanca\",\"url\":\"https:\\\/\\\/www.mesablanca.com.tr\\\/\",\"logo\":{\"@type\":\"ImageObject\",\"inLanguage\":\"en-US\",\"@id\":\"https:\\\/\\\/www.mesablanca.com.tr\\\/#\\\/schema\\\/logo\\\/image\\\/\",\"url\":\"https:\\\/\\\/i2.wp.com\\\/www.mesablanca.com.tr\\\/wp-content\\\/uploads\\\/2021\\\/11\\\/mesablanca.jpg?fit=1080%2C1080&ssl=1\",\"contentUrl\":\"https:\\\/\\\/i2.wp.com\\\/www.mesablanca.com.tr\\\/wp-content\\\/uploads\\\/2021\\\/11\\\/mesablanca.jpg?fit=1080%2C1080&ssl=1\",\"width\":1080,\"height\":1080,\"caption\":\"Mesablanca\"},\"image\":{\"@id\":\"https:\\\/\\\/www.mesablanca.com.tr\\\/#\\\/schema\\\/logo\\\/image\\\/\"},\"sameAs\":[\"https:\\\/\\\/www.facebook.com\\\/mesablancahome\",\"https:\\\/\\\/www.instagram.com\\\/mesablancahome\\\/\"]}]}<\/script>\n<!-- \/ Yoast SEO plugin. -->","yoast_head_json":{"title":"LILY - 2'li Amerikan Servis - Mesablanca Home","robots":{"index":"index","follow":"follow","max-snippet":"max-snippet:-1","max-image-preview":"max-image-preview:large","max-video-preview":"max-video-preview:-1"},"canonical":"https:\/\/www.mesablanca.com.tr\/en\/product\/lily-amerikan-servis\/","og_locale":"en_US","og_type":"article","og_title":"LILY - 2'li Amerikan Servis - Mesablanca Home","og_description":"\u0130\u011fne oyal\u0131 zambak motifli servisimiz \u00e7\u0131t\u00e7\u0131tl\u0131 olup \u0130svi\u00e7re keteni \u00fczerine \u00e7al\u0131\u015f\u0131lm\u0131\u015ft\u0131r.     \u25aa 200\u20ba ve \u00fczeri \u00fccretsiz kargo!     \u25aa Bu \u00fcr\u00fcn minimum 2 adet sat\u0131n al\u0131nabilir.","og_url":"https:\/\/www.mesablanca.com.tr\/en\/product\/lily-amerikan-servis\/","og_site_name":"Mesablanca Home","article_publisher":"https:\/\/www.facebook.com\/mesablancahome","article_modified_time":"2025-05-08T11:55:01+00:00","og_image":[{"width":1120,"height":828,"url":"https:\/\/www.mesablanca.com.tr\/wp-content\/uploads\/2021\/10\/lily-amerikan-servis.jpg","type":"image\/jpeg"}],"twitter_card":"summary_large_image","schema":{"@context":"https:\/\/schema.org","@graph":[{"@type":"WebPage","@id":"https:\/\/www.mesablanca.com.tr\/urun\/lily-amerikan-servis\/","url":"https:\/\/www.mesablanca.com.tr\/urun\/lily-amerikan-servis\/","name":"LILY - 2'li Amerikan Servis - Mesablanca Home","isPartOf":{"@id":"https:\/\/www.mesablanca.com.tr\/#website"},"primaryImageOfPage":{"@id":"https:\/\/www.mesablanca.com.tr\/urun\/lily-amerikan-servis\/#primaryimage"},"image":{"@id":"https:\/\/www.mesablanca.com.tr\/urun\/lily-amerikan-servis\/#primaryimage"},"thumbnailUrl":"https:\/\/www.mesablanca.com.tr\/wp-content\/uploads\/2021\/10\/lily-amerikan-servis.jpg","datePublished":"2021-10-23T13:34:35+00:00","dateModified":"2025-05-08T11:55:01+00:00","breadcrumb":{"@id":"https:\/\/www.mesablanca.com.tr\/urun\/lily-amerikan-servis\/#breadcrumb"},"inLanguage":"en-US","potentialAction":[{"@type":"ReadAction","target":["https:\/\/www.mesablanca.com.tr\/urun\/lily-amerikan-servis\/"]}]},{"@type":"ImageObject","inLanguage":"en-US","@id":"https:\/\/www.mesablanca.com.tr\/urun\/lily-amerikan-servis\/#primaryimage","url":"https:\/\/www.mesablanca.com.tr\/wp-content\/uploads\/2021\/10\/lily-amerikan-servis.jpg","contentUrl":"https:\/\/www.mesablanca.com.tr\/wp-content\/uploads\/2021\/10\/lily-amerikan-servis.jpg","width":1120,"height":828},{"@type":"BreadcrumbList","@id":"https:\/\/www.mesablanca.com.tr\/urun\/lily-amerikan-servis\/#breadcrumb","itemListElement":[{"@type":"ListItem","position":1,"name":"Anasayfa","item":"https:\/\/www.mesablanca.com.tr\/"},{"@type":"ListItem","position":2,"name":"Sepet","item":"https:\/\/www.mesablanca.com.tr\/sepet\/"},{"@type":"ListItem","position":3,"name":"LILY &#8211; 2&#8217;li Amerikan Servis"}]},{"@type":"WebSite","@id":"https:\/\/www.mesablanca.com.tr\/#website","url":"https:\/\/www.mesablanca.com.tr\/","name":"Mesablanca Home","description":"","publisher":{"@id":"https:\/\/www.mesablanca.com.tr\/#organization"},"potentialAction":[{"@type":"SearchAction","target":{"@type":"EntryPoint","urlTemplate":"https:\/\/www.mesablanca.com.tr\/?s={search_term_string}"},"query-input":{"@type":"PropertyValueSpecification","valueRequired":true,"valueName":"search_term_string"}}],"inLanguage":"en-US"},{"@type":"Organization","@id":"https:\/\/www.mesablanca.com.tr\/#organization","name":"Mesablanca","url":"https:\/\/www.mesablanca.com.tr\/","logo":{"@type":"ImageObject","inLanguage":"en-US","@id":"https:\/\/www.mesablanca.com.tr\/#\/schema\/logo\/image\/","url":"https:\/\/i2.wp.com\/www.mesablanca.com.tr\/wp-content\/uploads\/2021\/11\/mesablanca.jpg?fit=1080%2C1080&ssl=1","contentUrl":"https:\/\/i2.wp.com\/www.mesablanca.com.tr\/wp-content\/uploads\/2021\/11\/mesablanca.jpg?fit=1080%2C1080&ssl=1","width":1080,"height":1080,"caption":"Mesablanca"},"image":{"@id":"https:\/\/www.mesablanca.com.tr\/#\/schema\/logo\/image\/"},"sameAs":["https:\/\/www.facebook.com\/mesablancahome","https:\/\/www.instagram.com\/mesablancahome\/"]}]}},"_links":{"self":[{"href":"https:\/\/www.mesablanca.com.tr\/en\/wp-json\/wp\/v2\/product\/571","targetHints":{"allow":["GET"]}}],"collection":[{"href":"https:\/\/www.mesablanca.com.tr\/en\/wp-json\/wp\/v2\/product"}],"about":[{"href":"https:\/\/www.mesablanca.com.tr\/en\/wp-json\/wp\/v2\/types\/product"}],"replies":[{"embeddable":true,"href":"https:\/\/www.mesablanca.com.tr\/en\/wp-json\/wp\/v2\/comments?post=571"}],"wp:featuredmedia":[{"embeddable":true,"href":"https:\/\/www.mesablanca.com.tr\/en\/wp-json\/wp\/v2\/media\/572"}],"wp:attachment":[{"href":"https:\/\/www.mesablanca.com.tr\/en\/wp-json\/wp\/v2\/media?parent=571"}],"wp:term":[{"taxonomy":"product_brand","embeddable":true,"href":"https:\/\/www.mesablanca.com.tr\/en\/wp-json\/wp\/v2\/product_brand?post=571"},{"taxonomy":"product_cat","embeddable":true,"href":"https:\/\/www.mesablanca.com.tr\/en\/wp-json\/wp\/v2\/product_cat?post=571"},{"taxonomy":"product_tag","embeddable":true,"href":"https:\/\/www.mesablanca.com.tr\/en\/wp-json\/wp\/v2\/product_tag?post=571"}],"curies":[{"name":"wp","href":"https:\/\/api.w.org\/{rel}","templated":true}]}}